{"id":21,"date":"2025-06-02T15:41:04","date_gmt":"2025-06-02T13:41:04","guid":{"rendered":"http:\/\/generaledeforages.fr\/?page_id=21"},"modified":"2025-06-02T15:44:48","modified_gmt":"2025-06-02T13:44:48","slug":"presentation-de-cgf","status":"publish","type":"page","link":"https:\/\/generaledeforages.fr\/index.php\/presentation-de-cgf\/","title":{"rendered":"Pr\u00e9sentation de CGF"},"content":{"rendered":"\n<p>Depuis plus de 40 ans, CGF est le sp\u00e9cialiste du forage d&rsquo;eau dans le Var et les Alpes-Maritimes.<\/p>\n\n\n\n<p>Nous mettons notre expertise au service des particuliers, professionnels, collectivit\u00e9s et exploitants agricoles pour capter les ressources souterraines avec efficacit\u00e9, s\u00e9curit\u00e9 et respect de l&rsquo;environnement.<\/p>\n\n\n\n<p>Gr\u00e2ce \u00e0 un mat\u00e9riel performant et \u00e0 une \u00e9quipe exp\u00e9riment\u00e9e, nous r\u00e9alisons tous types de forages d&rsquo;eau : puits domestiques, forages agricoles, captages pour arrosage, forage de reconnaissance hydrog\u00e9ologique et travaux connexes.<\/p>\n\n\n\n<p>Notre priorit\u00e9 : vous garantir un acc\u00e8s durable \u00e0 l&rsquo;eau, avec une prestation de qualit\u00e9, conforme aux normes en vigueur et parfaitement adapt\u00e9e \u00e0 votre terrain.<\/p>\n\n\n\n<p>CGF, 40 ans d&rsquo;expertise pour faire jaillir l&rsquo;eau l\u00e0 o\u00f9 elle dort.<\/p>\n","protected":false},"excerpt":{"rendered":"<p>Depuis plus de 40 ans, CGF est le sp\u00e9cialiste du forage d&rsquo;eau dans le Var et les Alpes-Maritimes. Nous mettons notre expertise au service des &hellip;<\/p>\n","protected":false},"author":1,"featured_media":0,"parent":0,"menu_order":0,"comment_status":"closed","ping_status":"closed","template":"","meta":{"footnotes":""},"class_list":["post-21","page","type-page","status-publish","hentry"],"_links":{"self":[{"href":"https:\/\/generaledeforages.fr\/index.php\/wp-json\/wp\/v2\/pages\/21","targetHints":{"allow":["GET"]}}],"collection":[{"href":"https:\/\/generaledeforages.fr\/index.php\/wp-json\/wp\/v2\/pages"}],"about":[{"href":"https:\/\/generaledeforages.fr\/index.php\/wp-json\/wp\/v2\/types\/page"}],"author":[{"embeddable":true,"href":"https:\/\/generaledeforages.fr\/index.php\/wp-json\/wp\/v2\/users\/1"}],"replies":[{"embeddable":true,"href":"https:\/\/generaledeforages.fr\/index.php\/wp-json\/wp\/v2\/comments?post=21"}],"version-history":[{"count":1,"href":"https:\/\/generaledeforages.fr\/index.php\/wp-json\/wp\/v2\/pages\/21\/revisions"}],"predecessor-version":[{"id":22,"href":"https:\/\/generaledeforages.fr\/index.php\/wp-json\/wp\/v2\/pages\/21\/revisions\/22"}],"wp:attachment":[{"href":"https:\/\/generaledeforages.fr\/index.php\/wp-json\/wp\/v2\/media?parent=21"}],"curies":[{"name":"wp","href":"https:\/\/api.w.org\/{rel}","templated":true}]}}