{"id":65,"date":"2025-06-13T13:21:57","date_gmt":"2025-06-13T11:21:57","guid":{"rendered":"https:\/\/generaledeforages.fr\/?page_id=65"},"modified":"2025-06-17T21:41:24","modified_gmt":"2025-06-17T19:41:24","slug":"les-methodes-de-detection","status":"publish","type":"page","link":"https:\/\/generaledeforages.fr\/index.php\/les-methodes-de-detection\/","title":{"rendered":"D\u00e9tection des eaux souterraines"},"content":{"rendered":"\n<p>D\u00e9tecter et capter l\u2019eau souterraine n\u00e9cessite une <strong>approche m\u00e9thodique et des \u00e9quipements de pointe<\/strong>. Il existe trois principales m\u00e9thodes pour identifier les zones propices au forage :<\/p>\n\n\n\n<ol start=\"1\" class=\"wp-block-list\">\n<li><strong>Le sourcier, une m\u00e9thode empirique<\/strong> utilis\u00e9e dans certaines r\u00e9gions pour rep\u00e9rer les nappes phr\u00e9atiques.<\/li>\n\n\n\n<li><strong>L\u2019hydrog\u00e9ologue<\/strong>, une approche scientifique qui analyse les formations g\u00e9ologiques et la circulation des eaux souterraines.<\/li>\n\n\n\n<li><strong>Sur votre demande<\/strong>, nous adaptons notre forage \u00e0 votre terrain (foreuse\u00a0: largeur de 2,50m, longueur de 8m et hauteur de 4m \u2013 le compresseur pouvant \u00eatre d\u00e9localis\u00e9 jusqu\u2019\u00e0 30m de la foreuse).<\/li>\n<\/ol>\n\n\n\n<p><\/p>\n","protected":false},"excerpt":{"rendered":"<p>D\u00e9tecter et capter l\u2019eau souterraine n\u00e9cessite une approche m\u00e9thodique et des \u00e9quipements de pointe. Il existe trois principales m\u00e9thodes pour identifier les zones propices au &hellip;<\/p>\n","protected":false},"author":1,"featured_media":0,"parent":0,"menu_order":0,"comment_status":"closed","ping_status":"closed","template":"","meta":{"footnotes":""},"class_list":["post-65","page","type-page","status-publish","hentry"],"_links":{"self":[{"href":"https:\/\/generaledeforages.fr\/index.php\/wp-json\/wp\/v2\/pages\/65","targetHints":{"allow":["GET"]}}],"collection":[{"href":"https:\/\/generaledeforages.fr\/index.php\/wp-json\/wp\/v2\/pages"}],"about":[{"href":"https:\/\/generaledeforages.fr\/index.php\/wp-json\/wp\/v2\/types\/page"}],"author":[{"embeddable":true,"href":"https:\/\/generaledeforages.fr\/index.php\/wp-json\/wp\/v2\/users\/1"}],"replies":[{"embeddable":true,"href":"https:\/\/generaledeforages.fr\/index.php\/wp-json\/wp\/v2\/comments?post=65"}],"version-history":[{"count":3,"href":"https:\/\/generaledeforages.fr\/index.php\/wp-json\/wp\/v2\/pages\/65\/revisions"}],"predecessor-version":[{"id":102,"href":"https:\/\/generaledeforages.fr\/index.php\/wp-json\/wp\/v2\/pages\/65\/revisions\/102"}],"wp:attachment":[{"href":"https:\/\/generaledeforages.fr\/index.php\/wp-json\/wp\/v2\/media?parent=65"}],"curies":[{"name":"wp","href":"https:\/\/api.w.org\/{rel}","templated":true}]}}