{"id":67,"date":"2025-06-13T13:23:44","date_gmt":"2025-06-13T11:23:44","guid":{"rendered":"https:\/\/generaledeforages.fr\/?page_id=67"},"modified":"2025-06-13T13:23:44","modified_gmt":"2025-06-13T11:23:44","slug":"specifications-techniques","status":"publish","type":"page","link":"https:\/\/generaledeforages.fr\/index.php\/specifications-techniques\/","title":{"rendered":"Sp\u00e9cifications Techniques"},"content":{"rendered":"\n<p>La foreuse de type MIP10 de la Compagnie G\u00e9n\u00e9rale de Forage est v\u00e9hicul\u00e9e par un Renault 4&#215;4 C260. Il s\u2019agit d\u2019une machine hydraulique robuste et capable de d\u00e9livrer une force de rotation de 1000 m\/kg. <\/p>\n\n\n\n<p>Con\u00e7ue pour affronter les terrains les plus exigeants, elle offre une force de remont\u00e9e de 10 tonnes. <\/p>\n\n\n\n<p>L\u2019atelier est constitu\u00e9 d\u2019un compresseur Atlas Copco d\u00e9livrant 20bars de pression et 20000 litres de d\u00e9bit, garantissant une extraction efficace et ma\u00eetris\u00e9e des sols. Le compresseur est quant \u00e0 lui mont\u00e9 sur un camion 6&#215;4 Ampliroll grue. Un fourgon Iveco compl\u00e8te l\u2019atelier pour le transport des \u00e9quipes et des outils n\u00e9cessaires aux op\u00e9rations de forage.<\/p>\n\n\n\n<p><\/p>\n","protected":false},"excerpt":{"rendered":"<p>La foreuse de type MIP10 de la Compagnie G\u00e9n\u00e9rale de Forage est v\u00e9hicul\u00e9e par un Renault 4&#215;4 C260. Il s\u2019agit d\u2019une machine hydraulique robuste et &hellip;<\/p>\n","protected":false},"author":1,"featured_media":0,"parent":0,"menu_order":0,"comment_status":"closed","ping_status":"closed","template":"","meta":{"footnotes":""},"class_list":["post-67","page","type-page","status-publish","hentry"],"_links":{"self":[{"href":"https:\/\/generaledeforages.fr\/index.php\/wp-json\/wp\/v2\/pages\/67","targetHints":{"allow":["GET"]}}],"collection":[{"href":"https:\/\/generaledeforages.fr\/index.php\/wp-json\/wp\/v2\/pages"}],"about":[{"href":"https:\/\/generaledeforages.fr\/index.php\/wp-json\/wp\/v2\/types\/page"}],"author":[{"embeddable":true,"href":"https:\/\/generaledeforages.fr\/index.php\/wp-json\/wp\/v2\/users\/1"}],"replies":[{"embeddable":true,"href":"https:\/\/generaledeforages.fr\/index.php\/wp-json\/wp\/v2\/comments?post=67"}],"version-history":[{"count":1,"href":"https:\/\/generaledeforages.fr\/index.php\/wp-json\/wp\/v2\/pages\/67\/revisions"}],"predecessor-version":[{"id":68,"href":"https:\/\/generaledeforages.fr\/index.php\/wp-json\/wp\/v2\/pages\/67\/revisions\/68"}],"wp:attachment":[{"href":"https:\/\/generaledeforages.fr\/index.php\/wp-json\/wp\/v2\/media?parent=67"}],"curies":[{"name":"wp","href":"https:\/\/api.w.org\/{rel}","templated":true}]}}