{"id":69,"date":"2025-06-13T13:24:41","date_gmt":"2025-06-13T11:24:41","guid":{"rendered":"https:\/\/generaledeforages.fr\/?page_id=69"},"modified":"2025-06-13T13:24:41","modified_gmt":"2025-06-13T11:24:41","slug":"clientele","status":"publish","type":"page","link":"https:\/\/generaledeforages.fr\/index.php\/clientele\/","title":{"rendered":"Client\u00e8le"},"content":{"rendered":"\n<p>La Compagnie G\u00e9n\u00e9rale de Forage accompagne une client\u00e8le diversifi\u00e9e, allant des agriculteurs soucieux d\u2019optimiser l\u2019irrigation, aux industriels n\u00e9cessitant des ressources fiables, en passant par les collectivit\u00e9s publiques et les particuliers en qu\u00eate d\u2019un acc\u00e8s durable \u00e0 l\u2019eau. <\/p>\n\n\n\n<p>N&rsquo;h\u00e9sitez pas \u00e0 nous contacter pour de plus amples renseignements!<\/p>\n","protected":false},"excerpt":{"rendered":"<p>La Compagnie G\u00e9n\u00e9rale de Forage accompagne une client\u00e8le diversifi\u00e9e, allant des agriculteurs soucieux d\u2019optimiser l\u2019irrigation, aux industriels n\u00e9cessitant des ressources fiables, en passant par les &hellip;<\/p>\n","protected":false},"author":1,"featured_media":0,"parent":0,"menu_order":0,"comment_status":"closed","ping_status":"closed","template":"","meta":{"footnotes":""},"class_list":["post-69","page","type-page","status-publish","hentry"],"_links":{"self":[{"href":"https:\/\/generaledeforages.fr\/index.php\/wp-json\/wp\/v2\/pages\/69","targetHints":{"allow":["GET"]}}],"collection":[{"href":"https:\/\/generaledeforages.fr\/index.php\/wp-json\/wp\/v2\/pages"}],"about":[{"href":"https:\/\/generaledeforages.fr\/index.php\/wp-json\/wp\/v2\/types\/page"}],"author":[{"embeddable":true,"href":"https:\/\/generaledeforages.fr\/index.php\/wp-json\/wp\/v2\/users\/1"}],"replies":[{"embeddable":true,"href":"https:\/\/generaledeforages.fr\/index.php\/wp-json\/wp\/v2\/comments?post=69"}],"version-history":[{"count":1,"href":"https:\/\/generaledeforages.fr\/index.php\/wp-json\/wp\/v2\/pages\/69\/revisions"}],"predecessor-version":[{"id":70,"href":"https:\/\/generaledeforages.fr\/index.php\/wp-json\/wp\/v2\/pages\/69\/revisions\/70"}],"wp:attachment":[{"href":"https:\/\/generaledeforages.fr\/index.php\/wp-json\/wp\/v2\/media?parent=69"}],"curies":[{"name":"wp","href":"https:\/\/api.w.org\/{rel}","templated":true}]}}