{"id":71,"date":"2025-06-13T13:25:41","date_gmt":"2025-06-13T11:25:41","guid":{"rendered":"https:\/\/generaledeforages.fr\/?page_id=71"},"modified":"2025-06-13T14:06:06","modified_gmt":"2025-06-13T12:06:06","slug":"nos-realisations","status":"publish","type":"page","link":"https:\/\/generaledeforages.fr\/index.php\/nos-realisations\/","title":{"rendered":"Nos r\u00e9alisations"},"content":{"rendered":"\n<p>Depuis 1984, nous avons r\u00e9alis\u00e9 diff\u00e9rents forages dans <strong>le Gard, l\u2019Ard\u00e8che, les Bouches-du-Rh\u00f4ne, le Vaucluse le Var et les Alpes-Maritimes<\/strong>. Nos forages peuvent atteindre des profondeurs <strong>de 30 \u00e0 300 m\u00e8tres<\/strong>, en fonction des besoins et des sp\u00e9cificit\u00e9s g\u00e9ologiques des terrains explor\u00e9s.<\/p>\n\n\n\n<figure class=\"wp-block-image size-large is-resized\"><img loading=\"lazy\" decoding=\"async\" width=\"1024\" height=\"768\" src=\"https:\/\/generaledeforages.fr\/wp-content\/uploads\/2025\/06\/IMGP2033-1-1024x768.jpg\" alt=\"\" class=\"wp-image-100\" style=\"width:1240px;height:auto\" srcset=\"https:\/\/generaledeforages.fr\/wp-content\/uploads\/2025\/06\/IMGP2033-1-1024x768.jpg 1024w, https:\/\/generaledeforages.fr\/wp-content\/uploads\/2025\/06\/IMGP2033-1-300x225.jpg 300w, https:\/\/generaledeforages.fr\/wp-content\/uploads\/2025\/06\/IMGP2033-1-768x576.jpg 768w, https:\/\/generaledeforages.fr\/wp-content\/uploads\/2025\/06\/IMGP2033-1-1536x1152.jpg 1536w, https:\/\/generaledeforages.fr\/wp-content\/uploads\/2025\/06\/IMGP2033-1-2048x1536.jpg 2048w, https:\/\/generaledeforages.fr\/wp-content\/uploads\/2025\/06\/IMGP2033-1-400x300.jpg 400w\" sizes=\"auto, (max-width: 1024px) 100vw, 1024px\" \/><\/figure>\n","protected":false},"excerpt":{"rendered":"<p>Depuis 1984, nous avons r\u00e9alis\u00e9 diff\u00e9rents forages dans le Gard, l\u2019Ard\u00e8che, les Bouches-du-Rh\u00f4ne, le Vaucluse le Var et les Alpes-Maritimes. Nos forages peuvent atteindre des &hellip;<\/p>\n","protected":false},"author":1,"featured_media":0,"parent":0,"menu_order":0,"comment_status":"closed","ping_status":"closed","template":"","meta":{"footnotes":""},"class_list":["post-71","page","type-page","status-publish","hentry"],"_links":{"self":[{"href":"https:\/\/generaledeforages.fr\/index.php\/wp-json\/wp\/v2\/pages\/71","targetHints":{"allow":["GET"]}}],"collection":[{"href":"https:\/\/generaledeforages.fr\/index.php\/wp-json\/wp\/v2\/pages"}],"about":[{"href":"https:\/\/generaledeforages.fr\/index.php\/wp-json\/wp\/v2\/types\/page"}],"author":[{"embeddable":true,"href":"https:\/\/generaledeforages.fr\/index.php\/wp-json\/wp\/v2\/users\/1"}],"replies":[{"embeddable":true,"href":"https:\/\/generaledeforages.fr\/index.php\/wp-json\/wp\/v2\/comments?post=71"}],"version-history":[{"count":3,"href":"https:\/\/generaledeforages.fr\/index.php\/wp-json\/wp\/v2\/pages\/71\/revisions"}],"predecessor-version":[{"id":101,"href":"https:\/\/generaledeforages.fr\/index.php\/wp-json\/wp\/v2\/pages\/71\/revisions\/101"}],"wp:attachment":[{"href":"https:\/\/generaledeforages.fr\/index.php\/wp-json\/wp\/v2\/media?parent=71"}],"curies":[{"name":"wp","href":"https:\/\/api.w.org\/{rel}","templated":true}]}}